{"id":117,"date":"2026-05-02T04:12:40","date_gmt":"2026-05-02T04:12:40","guid":{"rendered":"https:\/\/www.kehotulkki.fi\/?page_id=117"},"modified":"2026-05-02T04:12:40","modified_gmt":"2026-05-02T04:12:40","slug":"tarjoukset-ja-alennukset","status":"publish","type":"page","link":"https:\/\/www.kehotulkki.fi\/?page_id=117","title":{"rendered":"Tarjoukset ja alennukset"},"content":{"rendered":"\n<div class=\"wp-block-group alignfull has-global-padding is-layout-constrained wp-block-group-is-layout-constrained\" style=\"margin-top:0;margin-bottom:0;padding-top:var(--wp--preset--spacing--50);padding-bottom:var(--wp--preset--spacing--50)\">\n<div class=\"wp-block-columns alignwide is-layout-flex wp-container-core-columns-is-layout-47c06fe3 wp-block-columns-is-layout-flex\">\n<div class=\"wp-block-column is-layout-flow wp-block-column-is-layout-flow\" style=\"flex-basis:56%\">\n<figure class=\"wp-block-image size-full\"><img loading=\"lazy\" decoding=\"async\" width=\"519\" height=\"515\" src=\"http:\/\/www.kehotulkki.fi\/wp-content\/uploads\/2026\/05\/lahjakortti-e1777694104679.png\" alt=\"\" class=\"wp-image-119\" style=\"aspect-ratio:1;object-fit:cover\" srcset=\"https:\/\/www.kehotulkki.fi\/wp-content\/uploads\/2026\/05\/lahjakortti-e1777694104679.png 519w, https:\/\/www.kehotulkki.fi\/wp-content\/uploads\/2026\/05\/lahjakortti-e1777694104679-300x298.png 300w, https:\/\/www.kehotulkki.fi\/wp-content\/uploads\/2026\/05\/lahjakortti-e1777694104679-150x150.png 150w\" sizes=\"auto, (max-width: 519px) 100vw, 519px\" \/><\/figure>\n<\/div>\n\n\n\n<div class=\"wp-block-column is-vertically-aligned-center is-layout-flow wp-container-core-column-is-layout-119bc444 wp-block-column-is-layout-flow\">\n<h2 class=\"wp-block-heading\">\u00c4itienp\u00e4iv\u00e4n kunniaksi<\/h2>\n\n\n\n<div class=\"wp-block-group has-global-padding is-layout-constrained wp-block-group-is-layout-constrained\">\n<div class=\"wp-block-group has-global-padding is-layout-constrained wp-block-group-is-layout-constrained\">\n<div class=\"wp-block-group has-global-padding is-layout-constrained wp-block-group-is-layout-constrained\">\n<p>Paras lahja \u00e4idille. L\u00e4sn\u00e4oleva ja kuunteleva hieronta\/hoito. \u00c4itienp\u00e4iv\u00e4\u00e4n asti nettikaupastani.<\/p>\n\n\n\n<div class=\"wp-block-buttons is-layout-flex wp-block-buttons-is-layout-flex\">\n<div class=\"wp-block-button\"><a class=\"wp-block-button__link wp-element-button\" href=\"http:\/\/vello.fi\/kehotulkkisoileh\/kauppa\">kauppaan<\/a><\/div>\n<\/div>\n\n\n\n<p class=\"has-large-font-size\"><strong>Lahjakortit <\/strong><\/p>\n\n\n\n<p class=\"has-large-font-size\">Kev\u00e4\u00e4njuhla 30  30\u20ac\/30min (norm. 40\u20ac)<\/p>\n\n\n\n<p>Kev\u00e4\u00e4njuhla 60  60\u20ac\/60min (norm. 60\u20ac)<\/p>\n\n\n\n<p><strong>Sarjakortit<\/strong><\/p>\n\n\n\n<p>Kev\u00e4\u00e4njuhla 3&#215;30 min 100\u20ac (norm.120\u20ac)<\/p>\n\n\n\n<p>Kev\u00e4\u00e4njuhla 3x60min 200\u20ac (nom. 240\u20ac)<\/p>\n<\/div>\n<\/div>\n<\/div>\n\n\n\n<p><\/p>\n\n\n\n<p><\/p>\n<\/div>\n<\/div>\n<\/div>\n\n\n\n<div class=\"wp-block-group alignfull has-global-padding is-layout-constrained wp-block-group-is-layout-constrained\" style=\"margin-top:0;margin-bottom:0;padding-top:var(--wp--preset--spacing--50);padding-bottom:var(--wp--preset--spacing--50)\">\n<div class=\"wp-block-group alignwide is-layout-grid wp-container-core-group-is-layout-840b37f5 wp-block-group-is-layout-grid\">\n<div class=\"wp-block-group is-vertical is-layout-flex wp-container-core-group-is-layout-d6b9ab57 wp-block-group-is-layout-flex\">\n<h2 class=\"wp-block-heading has-x-large-font-size\"><\/h2>\n<\/div>\n\n\n\n<div class=\"wp-block-group is-vertical is-content-justification-stretch is-layout-flex wp-container-core-group-is-layout-353c4f5a wp-block-group-is-layout-flex\">\n<p class=\"has-text-align-center\"><\/p>\n<\/div>\n\n\n\n<div class=\"wp-block-group is-vertical is-content-justification-stretch is-layout-flex wp-container-core-group-is-layout-353c4f5a wp-block-group-is-layout-flex\">\n<p class=\"has-text-align-center\"><\/p>\n<\/div>\n\n\n\n<div class=\"wp-block-group is-vertical is-content-justification-stretch is-layout-flex wp-container-core-group-is-layout-353c4f5a wp-block-group-is-layout-flex\">\n<p class=\"has-text-align-center\"><\/p>\n<\/div>\n<\/div>\n<\/div>\n\n\n\n<div class=\"wp-block-group alignfull has-global-padding is-layout-constrained wp-block-group-is-layout-constrained\" style=\"margin-top:0;margin-bottom:0;padding-top:var(--wp--preset--spacing--50);padding-bottom:var(--wp--preset--spacing--50)\">\n<div class=\"wp-block-group alignwide is-layout-grid wp-container-core-group-is-layout-21f393a4 wp-block-group-is-layout-grid\"><\/div>\n<\/div>\n","protected":false},"excerpt":{"rendered":"<p>\u00c4itienp\u00e4iv\u00e4n kunniaksi Paras lahja \u00e4idille. L\u00e4sn\u00e4oleva ja kuunteleva hieronta\/hoito. \u00c4itienp\u00e4iv\u00e4\u00e4n asti nettikaupastani. Lahjakortit Kev\u00e4\u00e4njuhla 30 30\u20ac\/30min (norm. 40\u20ac) Kev\u00e4\u00e4njuhla 60 60\u20ac\/60min (norm. 60\u20ac) Sarjakortit Kev\u00e4\u00e4njuhla 3&#215;30 min 100\u20ac (norm.120\u20ac) Kev\u00e4\u00e4njuhla 3x60min 200\u20ac (nom. 240\u20ac)<\/p>\n","protected":false},"author":1,"featured_media":0,"parent":0,"menu_order":0,"comment_status":"closed","ping_status":"closed","template":"","meta":{"footnotes":""},"class_list":["post-117","page","type-page","status-publish","hentry"],"_links":{"self":[{"href":"https:\/\/www.kehotulkki.fi\/index.php?rest_route=\/wp\/v2\/pages\/117","targetHints":{"allow":["GET"]}}],"collection":[{"href":"https:\/\/www.kehotulkki.fi\/index.php?rest_route=\/wp\/v2\/pages"}],"about":[{"href":"https:\/\/www.kehotulkki.fi\/index.php?rest_route=\/wp\/v2\/types\/page"}],"author":[{"embeddable":true,"href":"https:\/\/www.kehotulkki.fi\/index.php?rest_route=\/wp\/v2\/users\/1"}],"replies":[{"embeddable":true,"href":"https:\/\/www.kehotulkki.fi\/index.php?rest_route=%2Fwp%2Fv2%2Fcomments&post=117"}],"version-history":[{"count":3,"href":"https:\/\/www.kehotulkki.fi\/index.php?rest_route=\/wp\/v2\/pages\/117\/revisions"}],"predecessor-version":[{"id":123,"href":"https:\/\/www.kehotulkki.fi\/index.php?rest_route=\/wp\/v2\/pages\/117\/revisions\/123"}],"wp:attachment":[{"href":"https:\/\/www.kehotulkki.fi\/index.php?rest_route=%2Fwp%2Fv2%2Fmedia&parent=117"}],"curies":[{"name":"wp","href":"https:\/\/api.w.org\/{rel}","templated":true}]}}