{"id":14,"date":"2025-09-15T15:56:59","date_gmt":"2025-09-15T15:56:59","guid":{"rendered":"https:\/\/www.kehotulkki.fi\/?page_id=14"},"modified":"2026-05-02T04:14:46","modified_gmt":"2026-05-02T04:14:46","slug":"kehotulkki","status":"publish","type":"page","link":"https:\/\/www.kehotulkki.fi\/","title":{"rendered":""},"content":{"rendered":"\n<div class=\"wp-block-group alignfull has-global-padding is-layout-constrained wp-container-core-group-is-layout-0c9c989a wp-block-group-is-layout-constrained\" style=\"min-height:0vh;margin-top:0;margin-bottom:0;padding-top:var(--wp--preset--spacing--70);padding-right:var(--wp--preset--spacing--40);padding-bottom:var(--wp--preset--spacing--70);padding-left:var(--wp--preset--spacing--40)\">\n<div class=\"wp-block-group has-global-padding is-layout-constrained wp-container-core-group-is-layout-346627ba wp-block-group-is-layout-constrained\">\n<h2 class=\"wp-block-heading has-text-align-center has-xx-large-font-size\" style=\"margin-right:0;margin-left:0;padding-right:0;padding-left:0\">Hyvinvointi perustuu kehon ja mielen harmoniaan.<\/h2>\n\n\n\n<p><\/p>\n<\/div>\n\n\n\n<div class=\"wp-block-group has-global-padding is-layout-constrained wp-block-group-is-layout-constrained\">\n<p class=\"has-text-align-center has-x-large-font-size\"><strong><a href=\"https:\/\/www.kehotulkki.fi\/?page_id=117\" data-type=\"link\" data-id=\"https:\/\/www.kehotulkki.fi\/?page_id=117\">Tarjoukset vappuaatosta \u00e4itienp\u00e4iv\u00e4\u00e4n<\/a> <\/strong><\/p>\n\n\n\n<p class=\"has-text-align-center has-x-large-font-size\">Kun ostat <a href=\"http:\/\/vello.fi\/kehotulkkisoileh\/kauppa\" data-type=\"link\" data-id=\"vello.fi\/kehotulkkisoileh\/kauppa\">kaupastani<\/a> lahjakortin tai sarjakortin nimell\u00e4 Kev\u00e4\u00e4njuhla.<\/p>\n\n\n\n<p>\u00c4idille lahjaksi lahjakortti Kev\u00e4\u00e4njuhla 30 30\u20ac (norm.40\u20ac)<\/p>\n\n\n\n<p class=\"has-large-font-size\">Kev\u00e4\u00e4njuhla 60 60\u20ac (norm. 80e)<\/p>\n\n\n\n<p>3 kerran sarjakortti Kev\u00e4\u00e4njuhla 3x30min 100\u20ac (norm. 120\u20ac)<\/p>\n\n\n\n<p>3 kerran sarjakortti Kev\u00e4\u00e4njuhla 3x60min 200\u20ac (norm. 240\u20ac)<\/p>\n<\/div>\n<\/div>\n\n\n\n<div class=\"wp-block-group alignfull is-style-section-1 has-global-padding is-layout-constrained wp-block-group-is-layout-constrained is-style-section-1--1\" style=\"margin-top:0;margin-bottom:0;padding-top:var(--wp--preset--spacing--80);padding-bottom:var(--wp--preset--spacing--80)\">\n<div class=\"wp-block-columns alignwide is-layout-flex wp-container-core-columns-is-layout-66fad18a wp-block-columns-is-layout-flex\">\n<div class=\"wp-block-column is-layout-flow wp-block-column-is-layout-flow\" style=\"padding-right:var(--wp--preset--spacing--50);flex-basis:45%\">\n<figure class=\"wp-block-image size-full\"><img loading=\"lazy\" decoding=\"async\" width=\"600\" height=\"450\" src=\"http:\/\/www.kehotulkki.fi\/wp-content\/uploads\/2025\/09\/sammal.jpg\" alt=\"\" class=\"wp-image-22\" srcset=\"https:\/\/www.kehotulkki.fi\/wp-content\/uploads\/2025\/09\/sammal.jpg 600w, https:\/\/www.kehotulkki.fi\/wp-content\/uploads\/2025\/09\/sammal-300x225.jpg 300w\" sizes=\"auto, (max-width: 600px) 100vw, 600px\" \/><\/figure>\n\n\n\n<div class=\"wp-block-group has-global-padding is-layout-constrained wp-block-group-is-layout-constrained\" style=\"margin-top:-12vw\">\n<figure class=\"wp-block-image alignright size-full is-resized\" style=\"margin-right:-5vw;margin-left:-5vw\"><img loading=\"lazy\" decoding=\"async\" width=\"400\" height=\"459\" src=\"http:\/\/www.kehotulkki.fi\/wp-content\/uploads\/2025\/09\/tunne1-1.gif\" alt=\"\" class=\"wp-image-15\" style=\"width:202px\"\/><\/figure>\n<\/div>\n<\/div>\n\n\n\n<div class=\"wp-block-column is-vertically-aligned-center is-layout-flow wp-block-column-is-layout-flow\" style=\"padding-right:0;padding-left:0;flex-basis:50%\">\n<div class=\"wp-block-group is-vertical is-layout-flex wp-container-core-group-is-layout-fe9cc265 wp-block-group-is-layout-flex\">\n<h2 class=\"wp-block-heading is-style-text-annotation is-style-text-annotation--2\"><\/h2>\n<\/div>\n\n\n\n<p class=\"is-style-text-subtitle is-style-text-subtitle--3\">Hieroja ja kehotulkki Soile Huumonen hoitaa ja auttaa 15 vuoden kokemuksella. <\/p>\n<\/div>\n<\/div>\n\n\n\n<p class=\"has-x-large-font-size\"><a href=\"https:\/\/www.kehotulkki.fi\/?page_id=94\" data-type=\"page\" data-id=\"94\">Tapahtumia, tiedotteita ja juhlan aiheita!<\/a><\/p>\n\n\n\n<p><strong>Nyt on muutoksia tulossa. Tervetuloa tutustumaan uusiin tiloihin huhtikuun lopulla.<\/strong><\/p>\n\n\n\n<p>Toimintani Lamminp\u00e4\u00e4ss\u00e4 loppuu huhtikuun lopussa eli aivan pian. Siirryn Pispalaan M\u00e4kikatu 84. Sielt\u00e4 l\u00f6ytyy katutasosta uudet avarat toimitilani. Siin\u00e4 on iso parkkipaikka aivan vieress\u00e4 (muistathan kiekon).  <\/p>\n\n\n\n<p>Lis\u00e4ksi laajennan toimintaani P\u00e4lk\u00e4ne \/ Luopioinen suuntaan. Olen Rautaj\u00e4rvell\u00e4 2  keskiviikkoa kuussa HiusSaagan tiloissa. Siell\u00e4 osoite on Rautaj\u00e4rventie 5. <\/p>\n\n\n\n<p>Ajanvaraus vellossa toimii paikan nimill\u00e4. Eli ensin kannattaa valita oikea toimipaikka ja sitten vasta katsoa kalenterista vapaita aikoja. Ajanvaraus selkenee t\u00e4m\u00e4n kuun aikana kun 16.4. Lamminp\u00e4\u00e4n hoidot poistuvat valikosta.<\/p>\n\n\n\n<p>Ihanaa kev\u00e4tt\u00e4 teille ja n\u00e4hd\u00e4\u00e4n Pispalassa tai Rautaj\u00e4rvell\u00e4.<\/p>\n\n\n\n<p>Terveisin Kehotulkki Soile Huumonen<\/p>\n<\/div>\n\n\n\n<div class=\"wp-block-group alignfull has-global-padding is-layout-constrained wp-container-core-group-is-layout-ebee8dc1 wp-block-group-is-layout-constrained\" style=\"margin-top:0;margin-bottom:0;padding-top:var(--wp--preset--spacing--50);padding-bottom:var(--wp--preset--spacing--50)\">\n<h2 class=\"wp-block-heading alignwide\">Hinnasto <\/h2>\n\n\n\n<div class=\"wp-block-columns alignwide is-layout-flex wp-container-core-columns-is-layout-28f84493 wp-block-columns-is-layout-flex\">\n<div class=\"wp-block-column is-layout-flow wp-block-column-is-layout-flow\">\n<figure class=\"wp-block-image size-full\" style=\"margin-bottom:24px\"><img loading=\"lazy\" decoding=\"async\" width=\"200\" height=\"200\" src=\"http:\/\/www.kehotulkki.fi\/wp-content\/uploads\/2025\/09\/koivu.jpg\" alt=\"\" class=\"wp-image-21\" style=\"aspect-ratio:4\/3;object-fit:cover\" srcset=\"https:\/\/www.kehotulkki.fi\/wp-content\/uploads\/2025\/09\/koivu.jpg 200w, https:\/\/www.kehotulkki.fi\/wp-content\/uploads\/2025\/09\/koivu-150x150.jpg 150w\" sizes=\"auto, (max-width: 200px) 100vw, 200px\" \/><\/figure>\n\n\n\n<h3 class=\"wp-block-heading\">Pitk\u00e4 hieronta\/hoito <\/h3>\n\n\n\n<p>80\u20ac<\/p>\n\n\n\n<p class=\"has-medium-font-size\">Hoito kest\u00e4\u00e4 n. 50-75 min. <\/p>\n<\/div>\n\n\n\n<div class=\"wp-block-column is-layout-flow wp-block-column-is-layout-flow\">\n<figure class=\"wp-block-image size-full\" style=\"margin-bottom:24px\"><img loading=\"lazy\" decoding=\"async\" width=\"200\" height=\"200\" src=\"http:\/\/www.kehotulkki.fi\/wp-content\/uploads\/2025\/09\/jakala.jpg\" alt=\"\" class=\"wp-image-20\" style=\"aspect-ratio:4\/3;object-fit:cover\" srcset=\"https:\/\/www.kehotulkki.fi\/wp-content\/uploads\/2025\/09\/jakala.jpg 200w, https:\/\/www.kehotulkki.fi\/wp-content\/uploads\/2025\/09\/jakala-150x150.jpg 150w\" sizes=\"auto, (max-width: 200px) 100vw, 200px\" \/><\/figure>\n\n\n\n<h3 class=\"wp-block-heading\">Lyhyt hieronta\/hoito <\/h3>\n\n\n\n<p>40\u20ac<\/p>\n\n\n\n<p class=\"has-medium-font-size\">Hoito kest\u00e4\u00e4 n. 20-45 min.<\/p>\n<\/div>\n\n\n\n<div class=\"wp-block-column is-layout-flow wp-block-column-is-layout-flow\">\n<figure class=\"wp-block-image size-full\" style=\"margin-bottom:24px\"><img loading=\"lazy\" decoding=\"async\" width=\"200\" height=\"200\" src=\"http:\/\/www.kehotulkki.fi\/wp-content\/uploads\/2025\/09\/ppuut.jpg\" alt=\"\" class=\"wp-image-19\" style=\"aspect-ratio:4\/3;object-fit:cover\" srcset=\"https:\/\/www.kehotulkki.fi\/wp-content\/uploads\/2025\/09\/ppuut.jpg 200w, https:\/\/www.kehotulkki.fi\/wp-content\/uploads\/2025\/09\/ppuut-150x150.jpg 150w\" sizes=\"auto, (max-width: 200px) 100vw, 200px\" \/><\/figure>\n\n\n\n<h3 class=\"wp-block-heading\">Et\u00e4hoito tai neuvonta puhelimessa<\/h3>\n\n\n\n<p>80\u20ac<\/p>\n\n\n\n<p class=\"has-medium-font-size\">Puhelu kest\u00e4\u00e4 60 min. <\/p>\n<\/div>\n<\/div>\n\n\n\n<div class=\"wp-block-columns is-layout-flex wp-container-core-columns-is-layout-28f84493 wp-block-columns-is-layout-flex\">\n<div class=\"wp-block-column is-layout-flow wp-block-column-is-layout-flow\" style=\"flex-basis:100%\">\n<p class=\"has-text-align-center\"><strong>Ajanvaraus:<\/strong><\/p>\n\n\n\n<p class=\"has-text-align-center\">tekstiviestill\u00e4 045 3287337<\/p>\n\n\n\n<p class=\"has-text-align-center\">netiss\u00e4 <a href=\"http:\/\/vello.fi\/kehotulkkisoileh\">vello.fi\/kehotulkkisoileh<\/a><\/p>\n<\/div>\n<\/div>\n<\/div>\n\n\n\n<div class=\"wp-block-group is-nowrap is-layout-flex wp-container-core-group-is-layout-6c531013 wp-block-group-is-layout-flex\">\n<figure class=\"wp-block-image is-resized\"><img decoding=\"async\" src=\"https:\/\/static.xx.fbcdn.net\/rsrc.php\/y1\/r\/ay1hV6OlegS.ico\" alt=\"\" style=\"width:36px;height:auto\"\/><\/figure>\n\n\n\n<p> Kehotulkki Soile<\/p>\n<\/div>\n\n\n\n<p><\/p>\n\n\n\n<figure class=\"wp-block-image size-full\"><a href=\"https:\/\/tunnetulkki.fi\" target=\"_blank\" rel=\" noreferrer noopener\"><img loading=\"lazy\" decoding=\"async\" width=\"900\" height=\"285\" src=\"http:\/\/www.kehotulkki.fi\/wp-content\/uploads\/2025\/09\/tunnelinkki.jpg\" alt=\"\" class=\"wp-image-27\" srcset=\"https:\/\/www.kehotulkki.fi\/wp-content\/uploads\/2025\/09\/tunnelinkki.jpg 900w, https:\/\/www.kehotulkki.fi\/wp-content\/uploads\/2025\/09\/tunnelinkki-300x95.jpg 300w, https:\/\/www.kehotulkki.fi\/wp-content\/uploads\/2025\/09\/tunnelinkki-768x243.jpg 768w\" sizes=\"auto, (max-width: 900px) 100vw, 900px\" \/><\/a><\/figure>\n","protected":false},"excerpt":{"rendered":"<p>Hyvinvointi perustuu kehon ja mielen harmoniaan. Tarjoukset vappuaatosta \u00e4itienp\u00e4iv\u00e4\u00e4n Kun ostat kaupastani lahjakortin tai sarjakortin nimell\u00e4 Kev\u00e4\u00e4njuhla. \u00c4idille lahjaksi lahjakortti Kev\u00e4\u00e4njuhla 30 30\u20ac (norm.40\u20ac) Kev\u00e4\u00e4njuhla 60 60\u20ac (norm. 80e) 3 kerran sarjakortti Kev\u00e4\u00e4njuhla 3x30min 100\u20ac (norm. 120\u20ac) 3 kerran sarjakortti Kev\u00e4\u00e4njuhla 3x60min 200\u20ac (norm. 240\u20ac) Hieroja ja kehotulkki Soile Huumonen hoitaa ja auttaa 15 vuoden [&hellip;]<\/p>\n","protected":false},"author":1,"featured_media":0,"parent":0,"menu_order":0,"comment_status":"closed","ping_status":"closed","template":"","meta":{"footnotes":"[]"},"class_list":["post-14","page","type-page","status-publish","hentry"],"_links":{"self":[{"href":"https:\/\/www.kehotulkki.fi\/index.php?rest_route=\/wp\/v2\/pages\/14","targetHints":{"allow":["GET"]}}],"collection":[{"href":"https:\/\/www.kehotulkki.fi\/index.php?rest_route=\/wp\/v2\/pages"}],"about":[{"href":"https:\/\/www.kehotulkki.fi\/index.php?rest_route=\/wp\/v2\/types\/page"}],"author":[{"embeddable":true,"href":"https:\/\/www.kehotulkki.fi\/index.php?rest_route=\/wp\/v2\/users\/1"}],"replies":[{"embeddable":true,"href":"https:\/\/www.kehotulkki.fi\/index.php?rest_route=%2Fwp%2Fv2%2Fcomments&post=14"}],"version-history":[{"count":25,"href":"https:\/\/www.kehotulkki.fi\/index.php?rest_route=\/wp\/v2\/pages\/14\/revisions"}],"predecessor-version":[{"id":125,"href":"https:\/\/www.kehotulkki.fi\/index.php?rest_route=\/wp\/v2\/pages\/14\/revisions\/125"}],"wp:attachment":[{"href":"https:\/\/www.kehotulkki.fi\/index.php?rest_route=%2Fwp%2Fv2%2Fmedia&parent=14"}],"curies":[{"name":"wp","href":"https:\/\/api.w.org\/{rel}","templated":true}]}}