{"id":94,"date":"2026-04-27T14:02:27","date_gmt":"2026-04-27T14:02:27","guid":{"rendered":"https:\/\/www.kehotulkki.fi\/?page_id=94"},"modified":"2026-04-27T14:40:05","modified_gmt":"2026-04-27T14:40:05","slug":"tapahtumia-ja-tiedotteita-seka-juhlan-aiheita","status":"publish","type":"page","link":"https:\/\/www.kehotulkki.fi\/?page_id=94","title":{"rendered":"Tapahtumia ja tiedotteita, sek\u00e4 juhlan aiheita !"},"content":{"rendered":"\n<p>Alla l\u00f6yd\u00e4t tietoja tapahtumista ja muutoksista. T\u00e4m\u00e4 kev\u00e4t on ollut muutoksia t\u00e4ynn\u00e4, joten hyv\u00e4 pit\u00e4\u00e4 lukua.<\/p>\n\n\n\n<div class=\"wp-block-cover alignfull has-custom-content-position is-position-bottom-center\" style=\"margin-top:0;margin-bottom:0;padding-top:var(--wp--preset--spacing--50);padding-right:var(--wp--preset--spacing--50);padding-bottom:var(--wp--preset--spacing--50);padding-left:var(--wp--preset--spacing--50);min-height:840px;aspect-ratio:unset;\"><img loading=\"lazy\" decoding=\"async\" width=\"2560\" height=\"1479\" class=\"wp-block-cover__image-background wp-image-106\" alt=\"Picture of a flower\" src=\"https:\/\/www.kehotulkki.fi\/wp-content\/uploads\/2026\/04\/northern-buttercups-flowers-scaled.webp\" style=\"object-position:50% 95%\" data-object-fit=\"cover\" data-object-position=\"50% 95%\" srcset=\"https:\/\/www.kehotulkki.fi\/wp-content\/uploads\/2026\/04\/northern-buttercups-flowers-scaled.webp 2560w, https:\/\/www.kehotulkki.fi\/wp-content\/uploads\/2026\/04\/northern-buttercups-flowers-300x173.webp 300w, https:\/\/www.kehotulkki.fi\/wp-content\/uploads\/2026\/04\/northern-buttercups-flowers-1024x592.webp 1024w, https:\/\/www.kehotulkki.fi\/wp-content\/uploads\/2026\/04\/northern-buttercups-flowers-768x444.webp 768w, https:\/\/www.kehotulkki.fi\/wp-content\/uploads\/2026\/04\/northern-buttercups-flowers-1536x887.webp 1536w, https:\/\/www.kehotulkki.fi\/wp-content\/uploads\/2026\/04\/northern-buttercups-flowers-2048x1183.webp 2048w\" sizes=\"auto, (max-width: 2560px) 100vw, 2560px\" \/><span aria-hidden=\"true\" class=\"wp-block-cover__background has-background-dim-10 has-background-dim\"><\/span><div class=\"wp-block-cover__inner-container has-global-padding is-layout-constrained wp-container-core-cover-is-layout-d89aad35 wp-block-cover-is-layout-constrained\">\n<div class=\"wp-block-group alignwide has-global-padding is-content-justification-left is-layout-constrained wp-container-core-group-is-layout-12dd3699 wp-block-group-is-layout-constrained\">\n<h2 class=\"wp-block-heading has-text-align-left has-xx-large-font-size\">Tulossa Vappuaattona avoimet ovet<\/h2>\n\n\n\n<p class=\"has-large-font-size\">Vappu aattona 30.4.26 klo 15-18<\/p>\n\n\n\n<p>Uusissa toimitiloissani M\u00e4kikatu 84, Pispala<\/p>\n\n\n\n<p>Tarjolla teet\u00e4 ja virkist\u00e4v\u00e4\u00e4 juomaa. <\/p>\n\n\n\n<p class=\"has-text-align-left\">Tilausuus alkaa klo 15 ja on avoin kaikille. Kohtaamme l\u00e4sn\u00e4olon merkeiss\u00e4 ja juhlimme uutta alkua. Keskustelua, kohtaamisia ja klo 17.30 L\u00e4sn\u00e4olo meditaatio L\u00e4sn\u00e4olon salissa.<\/p>\n\n\n\n<p>Juhlimme uuden hoitopaikkani avajaisia, sek\u00e4 yritykseni uutta nime\u00e4. Pitk\u00e4\u00e4n on ollut harkinnassa ja nyt vihdoin loksahti kohdille. Mielest\u00e4ni nimi kuvaa hyvin sit\u00e4 mit\u00e4 juuri nyt teen. Tulkitsen kehon viestej\u00e4 ja v\u00e4lit\u00e4n niit\u00e4 mielelle, sek\u00e4 puen sanoiksi sit\u00e4 mit\u00e4 kehomme yritt\u00e4\u00e4 saada meit\u00e4 ymm\u00e4rt\u00e4m\u00e4\u00e4n. Sanattoman tulkintaa sanoiksi ja ymm\u00e4rrykseksi, jotta voimme olla harmoniassa itsemme kanssa. Uusi nimeni on siis<strong> Kehotulkki<\/strong>!!<\/p>\n\n\n\n<p>Uudeksi aputoiminimekseni otin<strong> tunnetulkin<\/strong>, joka kuvaa puhelimessa toimivaa l\u00e4sn\u00e4olo ja tuntemusten k\u00e4sittely\u00e4 olemalla l\u00e4sn\u00e4 ja kuuntelemalla juuri t\u00e4t\u00e4 hetke\u00e4.<\/p>\n<\/div>\n<\/div><\/div>\n\n\n\n<div class=\"wp-block-group alignfull is-style-section-5 has-global-padding is-layout-constrained wp-block-group-is-layout-constrained is-style-section-5--1\" style=\"margin-top:0;margin-bottom:0;padding-top:var(--wp--preset--spacing--50);padding-bottom:var(--wp--preset--spacing--50)\">\n<div class=\"wp-block-columns alignwide is-layout-flex wp-container-core-columns-is-layout-7ee84d44 wp-block-columns-is-layout-flex\">\n<div class=\"wp-block-column is-vertically-aligned-center is-layout-flow wp-block-column-is-layout-flow\" style=\"flex-basis:50%\">\n<h2 class=\"wp-block-heading\">Kev\u00e4\u00e4n 2026 muutoksia<\/h2>\n\n\n\n<p><strong>Nyt on muutoksia tulossa. Tervetuloa tutustumaan uusiin tiloihin huhtikuun lopulla.<\/strong><\/p>\n\n\n\n<p>Toimintani Lamminp\u00e4\u00e4ss\u00e4 loppuu huhtikuun lopussa eli aivan pian. Siirryn Pispalaan M\u00e4kikatu 84. Sielt\u00e4 l\u00f6ytyy katutasosta uudet avarat toimitilani. Siin\u00e4 on iso parkkipaikka aivan vieress\u00e4 (muistathan kiekon).<\/p>\n\n\n\n<p>Lis\u00e4ksi laajennan toimintaani P\u00e4lk\u00e4ne \/ Luopioinen suuntaan. Olen Rautaj\u00e4rvell\u00e4 2 keskiviikkoa kuussa HiusSaagan tiloissa. Siell\u00e4 osoite on Rautaj\u00e4rventie 5.<\/p>\n\n\n\n<p>Ajanvaraus vellossa toimii paikan nimill\u00e4. Eli ensin kannattaa valita oikea kategoria ja sitten vasta katsoa kalenterista vapaita aikoja. Ajanvaraus selkenee t\u00e4m\u00e4n kuun aikana kun 16.4. Lamminp\u00e4\u00e4n hoidot poistuvat valikosta.<\/p>\n\n\n\n<p>Ihanaa kev\u00e4tt\u00e4 teille ja n\u00e4hd\u00e4\u00e4n Pispalassa tai Rautaj\u00e4rvell\u00e4.<\/p>\n\n\n\n<p>Terveisin Kehotulkki Soile Huumonen<\/p>\n<\/div>\n\n\n\n<div class=\"wp-block-column is-vertically-aligned-center is-layout-flow wp-block-column-is-layout-flow\" style=\"flex-basis:50%\">\n<figure class=\"wp-block-image size-full\"><img loading=\"lazy\" decoding=\"async\" width=\"1920\" height=\"2560\" src=\"http:\/\/www.kehotulkki.fi\/wp-content\/uploads\/2026\/04\/IMG_20260427_122310632-scaled.jpg\" alt=\"\" class=\"wp-image-100\" style=\"aspect-ratio:1;object-fit:cover\" srcset=\"https:\/\/www.kehotulkki.fi\/wp-content\/uploads\/2026\/04\/IMG_20260427_122310632-scaled.jpg 1920w, https:\/\/www.kehotulkki.fi\/wp-content\/uploads\/2026\/04\/IMG_20260427_122310632-225x300.jpg 225w, https:\/\/www.kehotulkki.fi\/wp-content\/uploads\/2026\/04\/IMG_20260427_122310632-768x1024.jpg 768w, https:\/\/www.kehotulkki.fi\/wp-content\/uploads\/2026\/04\/IMG_20260427_122310632-1152x1536.jpg 1152w, https:\/\/www.kehotulkki.fi\/wp-content\/uploads\/2026\/04\/IMG_20260427_122310632-1536x2048.jpg 1536w\" sizes=\"auto, (max-width: 1920px) 100vw, 1920px\" \/><\/figure>\n<\/div>\n<\/div>\n<\/div>\n\n\n\n<div class=\"wp-block-group alignfull has-global-padding is-layout-constrained wp-block-group-is-layout-constrained\" style=\"margin-top:0;margin-bottom:0\">\n<div class=\"wp-block-group alignwide is-layout-grid wp-container-core-group-is-layout-5fdb10e5 wp-block-group-is-layout-grid\" style=\"padding-top:var(--wp--preset--spacing--50);padding-bottom:var(--wp--preset--spacing--50)\">\n<div class=\"wp-block-group is-vertical is-content-justification-stretch is-nowrap is-layout-flex wp-container-core-group-is-layout-627337ab wp-block-group-is-layout-flex\">\n<div class=\"wp-block-group is-vertical is-content-justification-left is-layout-flex wp-container-core-group-is-layout-dd225191 wp-block-group-is-layout-flex\">\n<h2 class=\"wp-block-heading is-style-text-annotation is-style-text-annotation--2\">Messut<\/h2>\n\n\n\n<p class=\"is-style-text-subtitle is-style-text-subtitle--3\">Olen kiert\u00e4nyt kev\u00e4\u00e4n messuja ja tehnyt n\u00e4ytehoitoja. On mahtavaa miten 15 minuutissa voi saada hyv\u00e4 yhteyden kehoon ja toimia tulkkina kehon ja mielen v\u00e4lill\u00e4. Huikeita kohtaamisia, joista ole hyvin kiitollinen.<\/p>\n\n\n\n<p><strong>Ilon Valkeat, Tampere&nbsp;la 31.1.2026 <\/strong><\/p>\n\n\n\n<p><strong>Ilon Valkeat , Oulu la 14.3.2026<\/strong> <\/p>\n\n\n\n<p><strong>Valon P\u00e4iv\u00e4t 25.4.2026<\/strong> <\/p>\n\n\n\n<p>Ihania kohtaamisia ja hoitoja. Kiitos kaikille rohkeille, jotka olitte avoimia kuuntelemaan kehon viestej\u00e4. Kiitos j\u00e4rjest\u00e4jille hienoista tapahtumista ja rennosta ilmapiirist\u00e4.<\/p>\n<\/div>\n\n\n\n<figure class=\"wp-block-image size-full\"><img loading=\"lazy\" decoding=\"async\" width=\"2380\" height=\"1490\" src=\"http:\/\/www.kehotulkki.fi\/wp-content\/uploads\/2026\/04\/1000000845-scaled-e1777298315905.jpg\" alt=\"\" class=\"wp-image-103\" style=\"aspect-ratio:16\/9;object-fit:cover\" srcset=\"https:\/\/www.kehotulkki.fi\/wp-content\/uploads\/2026\/04\/1000000845-scaled-e1777298315905.jpg 2380w, https:\/\/www.kehotulkki.fi\/wp-content\/uploads\/2026\/04\/1000000845-scaled-e1777298315905-300x188.jpg 300w, https:\/\/www.kehotulkki.fi\/wp-content\/uploads\/2026\/04\/1000000845-scaled-e1777298315905-1024x641.jpg 1024w, https:\/\/www.kehotulkki.fi\/wp-content\/uploads\/2026\/04\/1000000845-scaled-e1777298315905-768x481.jpg 768w, https:\/\/www.kehotulkki.fi\/wp-content\/uploads\/2026\/04\/1000000845-scaled-e1777298315905-1536x962.jpg 1536w, https:\/\/www.kehotulkki.fi\/wp-content\/uploads\/2026\/04\/1000000845-scaled-e1777298315905-2048x1282.jpg 2048w\" sizes=\"auto, (max-width: 2380px) 100vw, 2380px\" \/><\/figure>\n<\/div>\n\n\n\n<figure class=\"wp-block-image size-full\"><img loading=\"lazy\" decoding=\"async\" width=\"1230\" height=\"1668\" src=\"http:\/\/www.kehotulkki.fi\/wp-content\/uploads\/2026\/04\/1000000864-e1777298153835.jpg\" alt=\"\" class=\"wp-image-101\" style=\"aspect-ratio:3\/4;object-fit:cover\" srcset=\"https:\/\/www.kehotulkki.fi\/wp-content\/uploads\/2026\/04\/1000000864-e1777298153835.jpg 1230w, https:\/\/www.kehotulkki.fi\/wp-content\/uploads\/2026\/04\/1000000864-e1777298153835-221x300.jpg 221w, https:\/\/www.kehotulkki.fi\/wp-content\/uploads\/2026\/04\/1000000864-e1777298153835-755x1024.jpg 755w, https:\/\/www.kehotulkki.fi\/wp-content\/uploads\/2026\/04\/1000000864-e1777298153835-768x1041.jpg 768w, https:\/\/www.kehotulkki.fi\/wp-content\/uploads\/2026\/04\/1000000864-e1777298153835-1133x1536.jpg 1133w\" sizes=\"auto, (max-width: 1230px) 100vw, 1230px\" \/><\/figure>\n<\/div>\n<\/div>\n\n\n\n<div class=\"wp-block-group alignfull has-global-padding is-layout-constrained wp-block-group-is-layout-constrained\" style=\"margin-top:0;margin-bottom:0\">\n<div class=\"wp-block-group alignwide is-layout-flow wp-container-core-group-is-layout-d58a0413 wp-block-group-is-layout-flow\" style=\"padding-top:var(--wp--preset--spacing--50);padding-bottom:var(--wp--preset--spacing--50)\">\n<h2 class=\"wp-block-heading has-x-large-font-size\">Tulossa olevia tapahtumia ja ideoita, joille ei viel\u00e4 ole aikam\u00e4\u00e4rett\u00e4.<\/h2>\n\n\n\n<div class=\"wp-block-columns is-layout-flex wp-container-core-columns-is-layout-cbe57604 wp-block-columns-is-layout-flex\">\n<div class=\"wp-block-column is-layout-flow wp-block-column-is-layout-flow\">\n<div class=\"wp-block-group is-layout-flow wp-block-group-is-layout-flow\" style=\"border-top-color:var(--wp--preset--color--accent-6);border-top-width:1px;padding-top:var(--wp--preset--spacing--30);padding-bottom:var(--wp--preset--spacing--30)\">\n<h3 class=\"wp-block-heading\">L\u00e4sn\u00e4olon meditaatiot<\/h3>\n\n\n\n<p>L\u00e4sn\u00e4olon salissa iltaisin ja iltap\u00e4ivisin toimiva l\u00e4sn\u00e4olon meditaatio auttaa pys\u00e4htym\u00e4\u00e4n oman itsens\u00e4 \u00e4\u00e4relle t\u00e4h\u00e4n hetkeen ja kuuntelemaan miten keho viestii asioita juuri sinulle.<\/p>\n<\/div>\n<\/div>\n\n\n\n<div class=\"wp-block-column is-layout-flow wp-block-column-is-layout-flow\">\n<div class=\"wp-block-group is-layout-flow wp-block-group-is-layout-flow\" style=\"border-top-color:var(--wp--preset--color--accent-6);border-top-width:1px;padding-top:var(--wp--preset--spacing--30);padding-bottom:var(--wp--preset--spacing--30)\">\n<h3 class=\"wp-block-heading\">Rauhan meditaatiot<\/h3>\n\n\n\n<p>L\u00e4sn\u00e4 olon salissa iltap\u00e4ivin\u00e4 ja iltaisin. Keskitymme syv\u00e4\u00e4n uuteen rauhaan. T\u00e4m\u00e4n vuoden alussa ilmapiiriss\u00e4 on tapahtunut muutos ja t\u00e4m\u00e4 rauhanlaatu on nyt mahdollista l\u00f6yt\u00e4\u00e4 ja oppia tunnistamaan.<\/p>\n<\/div>\n<\/div>\n<\/div>\n\n\n\n<div class=\"wp-block-columns is-layout-flex wp-container-core-columns-is-layout-cbe57604 wp-block-columns-is-layout-flex\">\n<div class=\"wp-block-column is-layout-flow wp-block-column-is-layout-flow\">\n<div class=\"wp-block-group is-layout-flow wp-block-group-is-layout-flow\" style=\"border-top-color:var(--wp--preset--color--accent-6);border-top-width:1px;padding-top:var(--wp--preset--spacing--30);padding-bottom:var(--wp--preset--spacing--30)\">\n<h3 class=\"wp-block-heading\">Parantavan l\u00e4sn\u00e4olon koulutus syksyll\u00e4 <\/h3>\n\n\n\n<p>Syksyll\u00e4 Pienryhm\u00e4ll\u00e4 opetellaan tutustumaan omaan l\u00e4sn\u00e4oloon ja omiin lahjoihin. Opettelemme kuuntelemaan ja olemaan l\u00e4sn\u00e4. Ja miten l\u00e4sn\u00e4olo voi auttaa.<\/p>\n<\/div>\n<\/div>\n\n\n\n<div class=\"wp-block-column is-layout-flow wp-block-column-is-layout-flow\">\n<div class=\"wp-block-group is-layout-flow wp-block-group-is-layout-flow\" style=\"border-top-color:var(--wp--preset--color--accent-6);border-top-width:1px;padding-top:var(--wp--preset--spacing--30);padding-bottom:var(--wp--preset--spacing--30)\">\n<h3 class=\"wp-block-heading\">Saliin tulevat muut kurssit ja tapahtumat<\/h3>\n\n\n\n<p>Vierailevia pajoja ja kursseja L\u00e4sn\u00e4olon salissa.<\/p>\n<\/div>\n<\/div>\n<\/div>\n<\/div>\n<\/div>\n\n\n\n<div class=\"wp-block-group alignfull has-global-padding is-layout-constrained wp-container-core-group-is-layout-08655630 wp-block-group-is-layout-constrained\" style=\"margin-top:0;margin-bottom:0;padding-top:var(--wp--preset--spacing--80);padding-bottom:var(--wp--preset--spacing--80)\">\n<div class=\"wp-block-group alignwide is-layout-flow wp-block-group-is-layout-flow\">\n<p class=\"has-text-align-center is-style-text-display is-style-text-display--4\" style=\"font-style:normal;font-weight:400\"><\/p>\n\n\n\n<div style=\"height:var(--wp--preset--spacing--40)\" aria-hidden=\"true\" class=\"wp-block-spacer\"><\/div>\n<\/div>\n<\/div>\n","protected":false},"excerpt":{"rendered":"<p>Alla l\u00f6yd\u00e4t tietoja tapahtumista ja muutoksista. T\u00e4m\u00e4 kev\u00e4t on ollut muutoksia t\u00e4ynn\u00e4, joten hyv\u00e4 pit\u00e4\u00e4 lukua. Kev\u00e4\u00e4n 2026 muutoksia Nyt on muutoksia tulossa. Tervetuloa tutustumaan uusiin tiloihin huhtikuun lopulla. Toimintani Lamminp\u00e4\u00e4ss\u00e4 loppuu huhtikuun lopussa eli aivan pian. Siirryn Pispalaan M\u00e4kikatu 84. Sielt\u00e4 l\u00f6ytyy katutasosta uudet avarat toimitilani. Siin\u00e4 on iso parkkipaikka aivan vieress\u00e4 (muistathan kiekon). [&hellip;]<\/p>\n","protected":false},"author":1,"featured_media":0,"parent":0,"menu_order":0,"comment_status":"closed","ping_status":"closed","template":"","meta":{"footnotes":""},"class_list":["post-94","page","type-page","status-publish","hentry"],"_links":{"self":[{"href":"https:\/\/www.kehotulkki.fi\/index.php?rest_route=\/wp\/v2\/pages\/94","targetHints":{"allow":["GET"]}}],"collection":[{"href":"https:\/\/www.kehotulkki.fi\/index.php?rest_route=\/wp\/v2\/pages"}],"about":[{"href":"https:\/\/www.kehotulkki.fi\/index.php?rest_route=\/wp\/v2\/types\/page"}],"author":[{"embeddable":true,"href":"https:\/\/www.kehotulkki.fi\/index.php?rest_route=\/wp\/v2\/users\/1"}],"replies":[{"embeddable":true,"href":"https:\/\/www.kehotulkki.fi\/index.php?rest_route=%2Fwp%2Fv2%2Fcomments&post=94"}],"version-history":[{"count":10,"href":"https:\/\/www.kehotulkki.fi\/index.php?rest_route=\/wp\/v2\/pages\/94\/revisions"}],"predecessor-version":[{"id":114,"href":"https:\/\/www.kehotulkki.fi\/index.php?rest_route=\/wp\/v2\/pages\/94\/revisions\/114"}],"wp:attachment":[{"href":"https:\/\/www.kehotulkki.fi\/index.php?rest_route=%2Fwp%2Fv2%2Fmedia&parent=94"}],"curies":[{"name":"wp","href":"https:\/\/api.w.org\/{rel}","templated":true}]}}